{"id":1321,"date":"2026-02-17T15:14:27","date_gmt":"2026-02-17T14:14:27","guid":{"rendered":"https:\/\/zaostatnimswiatem.pl\/contact\/"},"modified":"2026-04-05T17:12:02","modified_gmt":"2026-04-05T15:12:02","slug":"kontakt","status":"publish","type":"page","link":"https:\/\/zaostatnimswiatem.pl\/en\/kontakt\/","title":{"rendered":"Contact"},"content":{"rendered":"<div data-elementor-type=\"wp-page\" data-elementor-id=\"1321\" class=\"elementor elementor-1321\">\n\t\t\t\t<div class=\"elementor-element elementor-element-f3d06b3 e-flex e-con-boxed e-con e-parent\" data-id=\"f3d06b3\" data-element_type=\"container\" data-e-type=\"container\" data-settings=\"{&quot;background_background&quot;:&quot;classic&quot;}\">\n\t\t\t\t\t<div class=\"e-con-inner\">\n\t\t<div class=\"elementor-element elementor-element-c248003 e-flex e-con-boxed e-con e-child\" data-id=\"c248003\" data-element_type=\"container\" data-e-type=\"container\">\n\t\t\t\t\t<div class=\"e-con-inner\">\n\t\t\t\t<div class=\"elementor-element elementor-element-0cd6647 elementor-widget elementor-widget-heading\" data-id=\"0cd6647\" data-element_type=\"widget\" data-e-type=\"widget\" data-widget_type=\"heading.default\">\n\t\t\t\t<div class=\"elementor-widget-container\">\n\t\t\t\t\t<h1 class=\"elementor-heading-title elementor-size-default\">Contact<\/h1>\t\t\t\t<\/div>\n\t\t\t\t<\/div>\n\t\t\t\t\t<\/div>\n\t\t\t\t<\/div>\n\t\t\t\t\t<\/div>\n\t\t\t\t<\/div>\n\t\t<div class=\"elementor-element elementor-element-9777225 e-flex e-con-boxed e-con e-parent\" data-id=\"9777225\" data-element_type=\"container\" data-e-type=\"container\" data-settings=\"{&quot;background_background&quot;:&quot;classic&quot;}\">\n\t\t\t\t\t<div class=\"e-con-inner\">\n\t\t\t\t\t<\/div>\n\t\t\t\t<\/div>\n\t\t<div class=\"elementor-element elementor-element-b1ec1cf e-flex e-con-boxed e-con e-parent\" data-id=\"b1ec1cf\" data-element_type=\"container\" data-e-type=\"container\" data-settings=\"{&quot;background_background&quot;:&quot;classic&quot;}\">\n\t\t\t\t\t<div class=\"e-con-inner\">\n\t\t<div class=\"elementor-element elementor-element-8c69a50 e-con-full e-flex e-con e-child\" data-id=\"8c69a50\" data-element_type=\"container\" data-e-type=\"container\" data-settings=\"{&quot;background_background&quot;:&quot;classic&quot;}\">\n\t\t<div class=\"elementor-element elementor-element-2114e35 e-grid e-con-full elementor-hidden-mobile e-con e-child\" data-id=\"2114e35\" data-element_type=\"container\" data-e-type=\"container\">\n\t\t\t\t<div class=\"elementor-element elementor-element-62b7080 elementor-hidden-mobile elementor-widget-mobile__width-inherit elementor-view-default elementor-widget elementor-widget-icon\" data-id=\"62b7080\" data-element_type=\"widget\" data-e-type=\"widget\" data-widget_type=\"icon.default\">\n\t\t\t\t<div class=\"elementor-widget-container\">\n\t\t\t\t\t\t\t<div class=\"elementor-icon-wrapper\">\n\t\t\t<a class=\"elementor-icon\" href=\"\/en\/TikTok\/\" target=\"_blank\">\n\t\t\t<i aria-hidden=\"true\" class=\"fab fa-tiktok\"><\/i>\t\t\t<\/a>\n\t\t<\/div>\n\t\t\t\t\t\t<\/div>\n\t\t\t\t<\/div>\n\t\t\t\t<div class=\"elementor-element elementor-element-a680146 elementor-hidden-mobile elementor-view-default elementor-widget elementor-widget-icon\" data-id=\"a680146\" data-element_type=\"widget\" data-e-type=\"widget\" data-widget_type=\"icon.default\">\n\t\t\t\t<div class=\"elementor-widget-container\">\n\t\t\t\t\t\t\t<div class=\"elementor-icon-wrapper\">\n\t\t\t<a class=\"elementor-icon\" href=\"https:\/\/www.instagram.com\/irasa54\/\" target=\"_blank\">\n\t\t\t<i aria-hidden=\"true\" class=\"fab fa-instagram\"><\/i>\t\t\t<\/a>\n\t\t<\/div>\n\t\t\t\t\t\t<\/div>\n\t\t\t\t<\/div>\n\t\t\t\t<\/div>\n\t\t\t\t<\/div>\n\t\t<div class=\"elementor-element elementor-element-04efe35 e-con-full e-flex e-con e-child\" data-id=\"04efe35\" data-element_type=\"container\" data-e-type=\"container\" data-settings=\"{&quot;background_background&quot;:&quot;classic&quot;}\">\n\t\t\t\t<div class=\"elementor-element elementor-element-e675e27 elementor-widget elementor-widget-heading\" data-id=\"e675e27\" data-element_type=\"widget\" data-e-type=\"widget\" data-widget_type=\"heading.default\">\n\t\t\t\t<div class=\"elementor-widget-container\">\n\t\t\t\t\t<h2 class=\"elementor-heading-title elementor-size-default\">Let's talk \ud83d\ude0a<\/h2>\t\t\t\t<\/div>\n\t\t\t\t<\/div>\n\t\t\t\t<div class=\"elementor-element elementor-element-b332f9c elementor-widget elementor-widget-text-editor\" data-id=\"b332f9c\" data-element_type=\"widget\" data-e-type=\"widget\" data-widget_type=\"text-editor.default\">\n\t\t\t\t<div class=\"elementor-widget-container\">\n\t\t\t\t\t\t\t\t\t<p>If you have any questions about the book, please<\/p><p>email me&nbsp;at:&nbsp;<\/p><p><a title=\"Let's talk \ud83d\ude0a\" href=\"mailto:kontakt@zaostatnimswiatem.pl\">kontakt@zaostatnimswiatem.pl<\/a><strong><br><\/strong>or directly on my social media - Instagram or TikTok.<\/p><p>I'll be happy to answer!<\/p>\t\t\t\t\t\t\t\t<\/div>\n\t\t\t\t<\/div>\n\t\t<div class=\"elementor-element elementor-element-f2f8e23 e-con-full elementor-hidden-desktop elementor-hidden-tablet e-flex e-con e-child\" data-id=\"f2f8e23\" data-element_type=\"container\" data-e-type=\"container\">\n\t\t<div class=\"elementor-element elementor-element-981a2ae e-grid e-con-full e-con e-child\" data-id=\"981a2ae\" data-element_type=\"container\" data-e-type=\"container\">\n\t\t\t\t<div class=\"elementor-element elementor-element-b6f6620 elementor-view-default elementor-widget elementor-widget-icon\" data-id=\"b6f6620\" data-element_type=\"widget\" data-e-type=\"widget\" data-widget_type=\"icon.default\">\n\t\t\t\t<div class=\"elementor-widget-container\">\n\t\t\t\t\t\t\t<div class=\"elementor-icon-wrapper\">\n\t\t\t<a class=\"elementor-icon\" href=\"https:\/\/www.tiktok.com\/@za_ostatnim_swiatem?lang=pl-PL\" target=\"_blank\">\n\t\t\t<i aria-hidden=\"true\" class=\"fab fa-tiktok\"><\/i>\t\t\t<\/a>\n\t\t<\/div>\n\t\t\t\t\t\t<\/div>\n\t\t\t\t<\/div>\n\t\t\t\t<div class=\"elementor-element elementor-element-48e7d9e elementor-view-default elementor-widget elementor-widget-icon\" data-id=\"48e7d9e\" data-element_type=\"widget\" data-e-type=\"widget\" data-widget_type=\"icon.default\">\n\t\t\t\t<div class=\"elementor-widget-container\">\n\t\t\t\t\t\t\t<div class=\"elementor-icon-wrapper\">\n\t\t\t<a class=\"elementor-icon\" href=\"https:\/\/www.instagram.com\/irasa54\/\" target=\"_blank\">\n\t\t\t<i aria-hidden=\"true\" class=\"fab fa-instagram\"><\/i>\t\t\t<\/a>\n\t\t<\/div>\n\t\t\t\t\t\t<\/div>\n\t\t\t\t<\/div>\n\t\t\t\t<\/div>\n\t\t\t\t<\/div>\n\t\t\t\t<\/div>\n\t\t<div class=\"elementor-element elementor-element-09d896e e-con-full e-flex e-con e-child\" data-id=\"09d896e\" data-element_type=\"container\" data-e-type=\"container\" data-settings=\"{&quot;background_background&quot;:&quot;classic&quot;}\">\n\t\t\t\t<div class=\"elementor-element elementor-element-ce45539 elementor-widget elementor-widget-image\" data-id=\"ce45539\" data-element_type=\"widget\" data-e-type=\"widget\" data-widget_type=\"image.default\">\n\t\t\t\t<div class=\"elementor-widget-container\">\n\t\t\t\t\t\t\t\t\t\t\t\t\t\t\t<img decoding=\"async\" width=\"142\" height=\"150\" src=\"https:\/\/zaostatnimswiatem.pl\/wp-content\/uploads\/2026\/04\/avatar-autorki-Irena-Wilk.png\" class=\"attachment-thumbnail size-thumbnail wp-image-8291\" alt=\"avatar autorki Irena Wilk\">\t\t\t\t\t\t\t\t\t\t\t\t\t\t\t<\/div>\n\t\t\t\t<\/div>\n\t\t\t\t<\/div>\n\t\t\t\t\t<\/div>\n\t\t\t\t<\/div>\n\t\t<div class=\"elementor-element elementor-element-1d50f8d e-flex e-con-boxed e-con e-parent\" data-id=\"1d50f8d\" data-element_type=\"container\" data-e-type=\"container\" data-settings=\"{&quot;background_background&quot;:&quot;classic&quot;}\">\n\t\t\t\t\t<div class=\"e-con-inner\">\n\t\t\t\t\t<\/div>\n\t\t\t\t<\/div>\n\t\t\t\t<\/div>","protected":false},"excerpt":{"rendered":"<p>Kontakt Porozmawiajmy \ud83d\ude0a Je\u015bli masz pytanie dotycz\u0105ce ksi\u0105\u017cki, napisz do mnie na adres email:&nbsp; kontakt@zaostatnimswiatem.plLub bezpo\u015brednio na moich mediach spo\u0142eczno\u015bciowych. Odpowiem z przyjemno\u015bci\u0105!<\/p>","protected":false},"author":1,"featured_media":2152,"parent":0,"menu_order":0,"comment_status":"closed","ping_status":"closed","template":"","meta":{"wp_typography_post_enhancements_disabled":false,"site-sidebar-layout":"no-sidebar","site-content-layout":"page-builder","ast-site-content-layout":"full-width-container","site-content-style":"unboxed","site-sidebar-style":"unboxed","ast-global-header-display":"","ast-banner-title-visibility":"disabled","ast-main-header-display":"","ast-hfb-above-header-display":"","ast-hfb-below-header-display":"","ast-hfb-mobile-header-display":"","site-post-title":"disabled","ast-breadcrumbs-content":"","ast-featured-img":"disabled","footer-sml-layout":"","ast-disable-related-posts":"","theme-transparent-header-meta":"enabled","adv-header-id-meta":"","stick-header-meta":"","header-above-stick-meta":"","header-main-stick-meta":"","header-below-stick-meta":"","astra-migrate-meta-layouts":"set","ast-page-background-enabled":"default","ast-page-background-meta":{"desktop":{"background-color":"var(--ast-global-color-4)","background-image":"","background-repeat":"repeat","background-position":"center center","background-size":"auto","background-attachment":"scroll","background-type":"","background-media":"","overlay-type":"","overlay-color":"","overlay-opacity":"","overlay-gradient":""},"tablet":{"background-color":"","background-image":"","background-repeat":"repeat","background-position":"center center","background-size":"auto","background-attachment":"scroll","background-type":"","background-media":"","overlay-type":"","overlay-color":"","overlay-opacity":"","overlay-gradient":""},"mobile":{"background-color":"","background-image":"","background-repeat":"repeat","background-position":"center center","background-size":"auto","background-attachment":"scroll","background-type":"","background-media":"","overlay-type":"","overlay-color":"","overlay-opacity":"","overlay-gradient":""}},"ast-content-background-meta":{"desktop":{"background-color":"var(--ast-global-color-5)","background-image":"","background-repeat":"repeat","background-position":"center center","background-size":"auto","background-attachment":"scroll","background-type":"","background-media":"","overlay-type":"","overlay-color":"","overlay-opacity":"","overlay-gradient":""},"tablet":{"background-color":"var(--ast-global-color-5)","background-image":"","background-repeat":"repeat","background-position":"center center","background-size":"auto","background-attachment":"scroll","background-type":"","background-media":"","overlay-type":"","overlay-color":"","overlay-opacity":"","overlay-gradient":""},"mobile":{"background-color":"var(--ast-global-color-5)","background-image":"","background-repeat":"repeat","background-position":"center center","background-size":"auto","background-attachment":"scroll","background-type":"","background-media":"","overlay-type":"","overlay-color":"","overlay-opacity":"","overlay-gradient":""}},"footnotes":""},"class_list":["post-1321","page","type-page","status-publish","has-post-thumbnail","hentry"],"yoast_head":"<!-- This site is optimized with the Yoast SEO plugin v27.4 - https:\/\/yoast.com\/product\/yoast-seo-wordpress\/ -->\n<title>Kontakt<\/title>\n<meta name=\"description\" content=\"Kontakt ze mn\u0105! Masz jakie\u015b pytanie dotycz\u0105ce ksi\u0105\u017cki? Napisz na adres e-mail lub bezpo\u015brednio na moich mediach spo\u0142eczno\u015bciowych.\" \/>\n<meta name=\"robots\" content=\"index, follow, max-snippet:-1, max-image-preview:large, max-video-preview:-1\" \/>\n<link rel=\"canonical\" href=\"https:\/\/zaostatnimswiatem.pl\/en\/kontakt\/\" \/>\n<meta property=\"og:locale\" content=\"en_US\" \/>\n<meta property=\"og:type\" content=\"article\" \/>\n<meta property=\"og:title\" content=\"Kontakt\" \/>\n<meta property=\"og:description\" content=\"Kontakt ze mn\u0105! Masz jakie\u015b pytanie dotycz\u0105ce ksi\u0105\u017cki? Napisz na adres e-mail lub bezpo\u015brednio na moich mediach spo\u0142eczno\u015bciowych.\" \/>\n<meta property=\"og:url\" content=\"https:\/\/zaostatnimswiatem.pl\/en\/kontakt\/\" \/>\n<meta property=\"og:site_name\" content=\"Za Ostatnim \u015awiatem\" \/>\n<meta property=\"article:modified_time\" content=\"2026-04-05T15:12:02+00:00\" \/>\n<meta property=\"og:image\" content=\"https:\/\/zaostatnimswiatem.pl\/wp-content\/uploads\/2026\/02\/cropped-Czysta_Nowoczesna_Sztuka_Rzemioslo_Etsy_Sklep_Ikona__3_-removebg-preview.png\" \/>\n\t<meta property=\"og:image:width\" content=\"500\" \/>\n\t<meta property=\"og:image:height\" content=\"435\" \/>\n\t<meta property=\"og:image:type\" content=\"image\/png\" \/>\n<meta name=\"twitter:card\" content=\"summary_large_image\" \/>\n<meta name=\"twitter:label1\" content=\"Est. reading time\" \/>\n\t<meta name=\"twitter:data1\" content=\"1 minute\" \/>\n<script type=\"application\/ld+json\" class=\"yoast-schema-graph\">{\"@context\":\"https:\\\/\\\/schema.org\",\"@graph\":[{\"@type\":\"WebPage\",\"@id\":\"https:\\\/\\\/zaostatnimswiatem.pl\\\/kontakt\\\/\",\"url\":\"https:\\\/\\\/zaostatnimswiatem.pl\\\/kontakt\\\/\",\"name\":\"Kontakt\",\"isPartOf\":{\"@id\":\"https:\\\/\\\/zaostatnimswiatem.pl\\\/#website\"},\"primaryImageOfPage\":{\"@id\":\"https:\\\/\\\/zaostatnimswiatem.pl\\\/kontakt\\\/#primaryimage\"},\"image\":{\"@id\":\"https:\\\/\\\/zaostatnimswiatem.pl\\\/kontakt\\\/#primaryimage\"},\"thumbnailUrl\":\"https:\\\/\\\/zaostatnimswiatem.pl\\\/wp-content\\\/uploads\\\/2026\\\/02\\\/cropped-Czysta_Nowoczesna_Sztuka_Rzemioslo_Etsy_Sklep_Ikona__3_-removebg-preview.png\",\"datePublished\":\"2026-02-17T14:14:27+00:00\",\"dateModified\":\"2026-04-05T15:12:02+00:00\",\"description\":\"Kontakt ze mn\u0105! Masz jakie\u015b pytanie dotycz\u0105ce ksi\u0105\u017cki? Napisz na adres e-mail lub bezpo\u015brednio na moich mediach spo\u0142eczno\u015bciowych.\",\"breadcrumb\":{\"@id\":\"https:\\\/\\\/zaostatnimswiatem.pl\\\/kontakt\\\/#breadcrumb\"},\"inLanguage\":\"en-US\",\"potentialAction\":[{\"@type\":\"ReadAction\",\"target\":[\"https:\\\/\\\/zaostatnimswiatem.pl\\\/kontakt\\\/\"]}]},{\"@type\":\"ImageObject\",\"inLanguage\":\"en-US\",\"@id\":\"https:\\\/\\\/zaostatnimswiatem.pl\\\/kontakt\\\/#primaryimage\",\"url\":\"https:\\\/\\\/zaostatnimswiatem.pl\\\/wp-content\\\/uploads\\\/2026\\\/02\\\/cropped-Czysta_Nowoczesna_Sztuka_Rzemioslo_Etsy_Sklep_Ikona__3_-removebg-preview.png\",\"contentUrl\":\"https:\\\/\\\/zaostatnimswiatem.pl\\\/wp-content\\\/uploads\\\/2026\\\/02\\\/cropped-Czysta_Nowoczesna_Sztuka_Rzemioslo_Etsy_Sklep_Ikona__3_-removebg-preview.png\",\"width\":500,\"height\":435,\"caption\":\"Logo serii \\\"Za ostatnim \u015bwiatem\\\"\"},{\"@type\":\"BreadcrumbList\",\"@id\":\"https:\\\/\\\/zaostatnimswiatem.pl\\\/kontakt\\\/#breadcrumb\",\"itemListElement\":[{\"@type\":\"ListItem\",\"position\":1,\"name\":\"Strona g\u0142\u00f3wna\",\"item\":\"https:\\\/\\\/zaostatnimswiatem.pl\\\/\"},{\"@type\":\"ListItem\",\"position\":2,\"name\":\"Kontakt\"}]},{\"@type\":\"WebSite\",\"@id\":\"https:\\\/\\\/zaostatnimswiatem.pl\\\/#website\",\"url\":\"https:\\\/\\\/zaostatnimswiatem.pl\\\/\",\"name\":\"Za ostatnim \u015bwiatem\",\"description\":\"Just another Astra Starter Templates site\",\"publisher\":{\"@id\":\"https:\\\/\\\/zaostatnimswiatem.pl\\\/#\\\/schema\\\/person\\\/0227fc3e18634f03b4c2b4649e1e7f93\"},\"potentialAction\":[{\"@type\":\"SearchAction\",\"target\":{\"@type\":\"EntryPoint\",\"urlTemplate\":\"https:\\\/\\\/zaostatnimswiatem.pl\\\/?s={search_term_string}\"},\"query-input\":{\"@type\":\"PropertyValueSpecification\",\"valueRequired\":true,\"valueName\":\"search_term_string\"}}],\"inLanguage\":\"en-US\"},{\"@type\":[\"Person\",\"Organization\"],\"@id\":\"https:\\\/\\\/zaostatnimswiatem.pl\\\/#\\\/schema\\\/person\\\/0227fc3e18634f03b4c2b4649e1e7f93\",\"name\":\"irasa\",\"image\":{\"@type\":\"ImageObject\",\"inLanguage\":\"en-US\",\"@id\":\"https:\\\/\\\/secure.gravatar.com\\\/avatar\\\/a4bf583c09e900ef6594b59aedcf718456ed96f7043348fe2eec8a0ea13c6632?s=96&d=mm&r=g\",\"url\":\"https:\\\/\\\/secure.gravatar.com\\\/avatar\\\/a4bf583c09e900ef6594b59aedcf718456ed96f7043348fe2eec8a0ea13c6632?s=96&d=mm&r=g\",\"contentUrl\":\"https:\\\/\\\/secure.gravatar.com\\\/avatar\\\/a4bf583c09e900ef6594b59aedcf718456ed96f7043348fe2eec8a0ea13c6632?s=96&d=mm&r=g\",\"caption\":\"irasa\"},\"logo\":{\"@id\":\"https:\\\/\\\/secure.gravatar.com\\\/avatar\\\/a4bf583c09e900ef6594b59aedcf718456ed96f7043348fe2eec8a0ea13c6632?s=96&d=mm&r=g\"},\"sameAs\":[\"https:\\\/\\\/zaostatnimswiatem.pl\",\"https:\\\/\\\/www.instagram.com\\\/za_ostatnim_swiatem\"]}]}<\/script>\n<!-- \/ Yoast SEO plugin. -->","yoast_head_json":{"title":"Contact","description":"Kontakt ze mn\u0105! Masz jakie\u015b pytanie dotycz\u0105ce ksi\u0105\u017cki? Napisz na adres e-mail lub bezpo\u015brednio na moich mediach spo\u0142eczno\u015bciowych.","robots":{"index":"index","follow":"follow","max-snippet":"max-snippet:-1","max-image-preview":"max-image-preview:large","max-video-preview":"max-video-preview:-1"},"canonical":"https:\/\/zaostatnimswiatem.pl\/en\/kontakt\/","og_locale":"en_US","og_type":"article","og_title":"Kontakt","og_description":"Kontakt ze mn\u0105! Masz jakie\u015b pytanie dotycz\u0105ce ksi\u0105\u017cki? Napisz na adres e-mail lub bezpo\u015brednio na moich mediach spo\u0142eczno\u015bciowych.","og_url":"https:\/\/zaostatnimswiatem.pl\/en\/kontakt\/","og_site_name":"Za Ostatnim \u015awiatem","article_modified_time":"2026-04-05T15:12:02+00:00","og_image":[{"width":500,"height":435,"url":"https:\/\/zaostatnimswiatem.pl\/wp-content\/uploads\/2026\/02\/cropped-Czysta_Nowoczesna_Sztuka_Rzemioslo_Etsy_Sklep_Ikona__3_-removebg-preview.png","type":"image\/png"}],"twitter_card":"summary_large_image","twitter_misc":{"Est. reading time":"1 minute"},"schema":{"@context":"https:\/\/schema.org","@graph":[{"@type":"WebPage","@id":"https:\/\/zaostatnimswiatem.pl\/kontakt\/","url":"https:\/\/zaostatnimswiatem.pl\/kontakt\/","name":"Contact","isPartOf":{"@id":"https:\/\/zaostatnimswiatem.pl\/#website"},"primaryImageOfPage":{"@id":"https:\/\/zaostatnimswiatem.pl\/kontakt\/#primaryimage"},"image":{"@id":"https:\/\/zaostatnimswiatem.pl\/kontakt\/#primaryimage"},"thumbnailUrl":"https:\/\/zaostatnimswiatem.pl\/wp-content\/uploads\/2026\/02\/cropped-Czysta_Nowoczesna_Sztuka_Rzemioslo_Etsy_Sklep_Ikona__3_-removebg-preview.png","datePublished":"2026-02-17T14:14:27+00:00","dateModified":"2026-04-05T15:12:02+00:00","description":"Kontakt ze mn\u0105! Masz jakie\u015b pytanie dotycz\u0105ce ksi\u0105\u017cki? Napisz na adres e-mail lub bezpo\u015brednio na moich mediach spo\u0142eczno\u015bciowych.","breadcrumb":{"@id":"https:\/\/zaostatnimswiatem.pl\/kontakt\/#breadcrumb"},"inLanguage":"en-US","potentialAction":[{"@type":"ReadAction","target":["https:\/\/zaostatnimswiatem.pl\/kontakt\/"]}]},{"@type":"ImageObject","inLanguage":"en-US","@id":"https:\/\/zaostatnimswiatem.pl\/kontakt\/#primaryimage","url":"https:\/\/zaostatnimswiatem.pl\/wp-content\/uploads\/2026\/02\/cropped-Czysta_Nowoczesna_Sztuka_Rzemioslo_Etsy_Sklep_Ikona__3_-removebg-preview.png","contentUrl":"https:\/\/zaostatnimswiatem.pl\/wp-content\/uploads\/2026\/02\/cropped-Czysta_Nowoczesna_Sztuka_Rzemioslo_Etsy_Sklep_Ikona__3_-removebg-preview.png","width":500,"height":435,"caption":"Logo serii \"Za ostatnim \u015bwiatem\""},{"@type":"BreadcrumbList","@id":"https:\/\/zaostatnimswiatem.pl\/kontakt\/#breadcrumb","itemListElement":[{"@type":"ListItem","position":1,"name":"Strona g\u0142\u00f3wna","item":"https:\/\/zaostatnimswiatem.pl\/"},{"@type":"ListItem","position":2,"name":"Kontakt"}]},{"@type":"WebSite","@id":"https:\/\/zaostatnimswiatem.pl\/#website","url":"https:\/\/zaostatnimswiatem.pl\/","name":"beyond the last&nbsp;world","description":"Just another Astra Starter Templates site","publisher":{"@id":"https:\/\/zaostatnimswiatem.pl\/#\/schema\/person\/0227fc3e18634f03b4c2b4649e1e7f93"},"potentialAction":[{"@type":"SearchAction","target":{"@type":"EntryPoint","urlTemplate":"https:\/\/zaostatnimswiatem.pl\/?s={search_term_string}"},"query-input":{"@type":"PropertyValueSpecification","valueRequired":true,"valueName":"search_term_string"}}],"inLanguage":"en-US"},{"@type":["Person","Organization"],"@id":"https:\/\/zaostatnimswiatem.pl\/#\/schema\/person\/0227fc3e18634f03b4c2b4649e1e7f93","name":"irasa","image":{"@type":"ImageObject","inLanguage":"en-US","@id":"https:\/\/secure.gravatar.com\/avatar\/a4bf583c09e900ef6594b59aedcf718456ed96f7043348fe2eec8a0ea13c6632?s=96&d=mm&r=g","url":"https:\/\/secure.gravatar.com\/avatar\/a4bf583c09e900ef6594b59aedcf718456ed96f7043348fe2eec8a0ea13c6632?s=96&d=mm&r=g","contentUrl":"https:\/\/secure.gravatar.com\/avatar\/a4bf583c09e900ef6594b59aedcf718456ed96f7043348fe2eec8a0ea13c6632?s=96&d=mm&r=g","caption":"irasa"},"logo":{"@id":"https:\/\/secure.gravatar.com\/avatar\/a4bf583c09e900ef6594b59aedcf718456ed96f7043348fe2eec8a0ea13c6632?s=96&d=mm&r=g"},"sameAs":["https:\/\/zaostatnimswiatem.pl","https:\/\/www.instagram.com\/za_ostatnim_swiatem"]}]}},"_links":{"self":[{"href":"https:\/\/zaostatnimswiatem.pl\/en\/wp-json\/wp\/v2\/pages\/1321","targetHints":{"allow":["GET"]}}],"collection":[{"href":"https:\/\/zaostatnimswiatem.pl\/en\/wp-json\/wp\/v2\/pages"}],"about":[{"href":"https:\/\/zaostatnimswiatem.pl\/en\/wp-json\/wp\/v2\/types\/page"}],"author":[{"embeddable":true,"href":"https:\/\/zaostatnimswiatem.pl\/en\/wp-json\/wp\/v2\/users\/1"}],"replies":[{"embeddable":true,"href":"https:\/\/zaostatnimswiatem.pl\/en\/wp-json\/wp\/v2\/comments?post=1321"}],"version-history":[{"count":1109,"href":"https:\/\/zaostatnimswiatem.pl\/en\/wp-json\/wp\/v2\/pages\/1321\/revisions"}],"predecessor-version":[{"id":8372,"href":"https:\/\/zaostatnimswiatem.pl\/en\/wp-json\/wp\/v2\/pages\/1321\/revisions\/8372"}],"wp:featuredmedia":[{"embeddable":true,"href":"https:\/\/zaostatnimswiatem.pl\/en\/wp-json\/wp\/v2\/media\/2152"}],"wp:attachment":[{"href":"https:\/\/zaostatnimswiatem.pl\/en\/wp-json\/wp\/v2\/media?parent=1321"}],"curies":[{"name":"wp","href":"https:\/\/api.w.org\/{rel}","templated":true}]}}