{"id":2415,"date":"2026-02-18T14:06:53","date_gmt":"2026-02-18T13:06:53","guid":{"rendered":"https:\/\/zaostatnimswiatem.pl\/?page_id=2415"},"modified":"2026-04-14T15:01:04","modified_gmt":"2026-04-14T13:01:04","slug":"polityka-prywatnosci","status":"publish","type":"page","link":"https:\/\/zaostatnimswiatem.pl\/en\/polityka-prywatnosci\/","title":{"rendered":"Privacy Policy"},"content":{"rendered":"<div data-elementor-type=\"wp-page\" data-elementor-id=\"2415\" class=\"elementor elementor-2415\">\n\t\t\t\t<div class=\"elementor-element elementor-element-e4d4124 e-flex e-con-boxed e-con e-parent\" data-id=\"e4d4124\" data-element_type=\"container\" data-e-type=\"container\" data-settings=\"{&quot;background_background&quot;:&quot;classic&quot;}\">\n\t\t\t\t\t<div class=\"e-con-inner\">\n\t\t\t\t<div class=\"elementor-element elementor-element-fb3e80e elementor-widget elementor-widget-heading\" data-id=\"fb3e80e\" data-element_type=\"widget\" data-e-type=\"widget\" data-widget_type=\"heading.default\">\n\t\t\t\t<div class=\"elementor-widget-container\">\n\t\t\t\t\t<h1 class=\"elementor-heading-title elementor-size-default\">Privacy Policy<\/h1>\t\t\t\t<\/div>\n\t\t\t\t<\/div>\n\t\t\t\t\t<\/div>\n\t\t\t\t<\/div>\n\t\t<div class=\"elementor-element elementor-element-dbb0856 e-flex e-con-boxed e-con e-parent\" data-id=\"dbb0856\" data-element_type=\"container\" data-e-type=\"container\">\n\t\t\t\t\t<div class=\"e-con-inner\">\n\t\t\t\t\t<\/div>\n\t\t\t\t<\/div>\n\t\t<div class=\"elementor-element elementor-element-c9347b0 e-flex e-con-boxed e-con e-parent\" data-id=\"c9347b0\" data-element_type=\"container\" data-e-type=\"container\" data-settings=\"{&quot;background_background&quot;:&quot;gradient&quot;}\">\n\t\t\t\t\t<div class=\"e-con-inner\">\n\t\t\t\t<div class=\"elementor-element elementor-element-b19a5fb elementor-widget elementor-widget-heading\" data-id=\"b19a5fb\" data-element_type=\"widget\" data-e-type=\"widget\" data-widget_type=\"heading.default\">\n\t\t\t\t<div class=\"elementor-widget-container\">\n\t\t\t\t\t<h2 class=\"elementor-heading-title elementor-size-default\">This website is for informational purposes only and concerns the book and its subject matter.\nThe administrator of personal data is the owner of the website - Irena&nbsp;Wilk.<\/h2>\t\t\t\t<\/div>\n\t\t\t\t<\/div>\n\t\t\t\t<div class=\"elementor-element elementor-element-49f9c71 elementor-widget elementor-widget-text-editor\" data-id=\"49f9c71\" data-element_type=\"widget\" data-e-type=\"widget\" data-widget_type=\"text-editor.default\">\n\t\t\t\t<div class=\"elementor-widget-container\">\n\t\t\t\t\t\t\t\t\t<p>You can contact me via email&nbsp;at:&nbsp;<\/p><p><a title=\"Let's talk \ud83d\ude0a\" href=\"mailto:kontakt@zaostatnimswiatem.pl\" target=\"_blank\" rel=\"noopener\">kontakt@zaostatnimswiatem.pl<\/a><\/p>\t\t\t\t\t\t\t\t<\/div>\n\t\t\t\t<\/div>\n\t\t\t\t<div class=\"elementor-element elementor-element-16ca1fe elementor-widget elementor-widget-heading\" data-id=\"16ca1fe\" data-element_type=\"widget\" data-e-type=\"widget\" data-widget_type=\"heading.default\">\n\t\t\t\t<div class=\"elementor-widget-container\">\n\t\t\t\t\t<h2 class=\"elementor-heading-title elementor-size-default\">Personal data provided in an email is used solely for the purpose of responding to your inquiry. \nThe data is not sold or shared with third parties.\nProviding data is voluntary, but necessary to receive a response. The user has the right to access, correct, delete, and object to the processing of their data - to do so, simply contact me by&nbsp;email.<\/h2>\t\t\t\t<\/div>\n\t\t\t\t<\/div>\n\t\t\t\t<div class=\"elementor-element elementor-element-ba9657f elementor-widget elementor-widget-heading\" data-id=\"ba9657f\" data-element_type=\"widget\" data-e-type=\"widget\" data-widget_type=\"heading.default\">\n\t\t\t\t<div class=\"elementor-widget-container\">\n\t\t\t\t\t<h2 class=\"elementor-heading-title elementor-size-default\">The website may use cookies for technical and statistical purposes. Cookie settings can be managed in your browser.<\/h2>\t\t\t\t<\/div>\n\t\t\t\t<\/div>\n\t\t\t\t<div class=\"elementor-element elementor-element-5a56f5a elementor-widget elementor-widget-heading\" data-id=\"5a56f5a\" data-element_type=\"widget\" data-e-type=\"widget\" data-widget_type=\"heading.default\">\n\t\t\t\t<div class=\"elementor-widget-container\">\n\t\t\t\t\t<h2 class=\"elementor-heading-title elementor-size-default\">The data is processed in accordance with the GDPR and the Personal Data Protection Act.<\/h2>\t\t\t\t<\/div>\n\t\t\t\t<\/div>\n\t\t\t\t\t<\/div>\n\t\t\t\t<\/div>\n\t\t<div class=\"elementor-element elementor-element-1ae0b98 e-flex e-con-boxed e-con e-parent\" data-id=\"1ae0b98\" data-element_type=\"container\" data-e-type=\"container\">\n\t\t\t\t\t<div class=\"e-con-inner\">\n\t\t\t\t\t<\/div>\n\t\t\t\t<\/div>\n\t\t\t\t<\/div>","protected":false},"excerpt":{"rendered":"<p>Polityka prywatno\u015bci Strona ma charakter informacyjny i dotyczy ksi\u0105\u017cki oraz jej tematyki. Administratorem danych osobowych jest w\u0142a\u015bciciel strony &#8211; Irena Wilk. Kontakt mo\u017cliwy jest poprzez adres email:\u00a0 kontakt@zaostatnimswiatem.pl Dane osobowe przekazane w wiadomo\u015bci email s\u0105 wykorzystywane wy\u0142\u0105cznie w celu udzielenia odpowiedzi. Dane nie s\u0105 sprzedawane ani udost\u0119pniane podmiotom trzecim. Podanie danych jest dobrowolne, ale niezb\u0119dne [&hellip;]<\/p>\n","protected":false},"author":1,"featured_media":2152,"parent":0,"menu_order":0,"comment_status":"closed","ping_status":"closed","template":"","meta":{"wp_typography_post_enhancements_disabled":false,"site-sidebar-layout":"no-sidebar","site-content-layout":"page-builder","ast-site-content-layout":"full-width-container","site-content-style":"unboxed","site-sidebar-style":"unboxed","ast-global-header-display":"","ast-banner-title-visibility":"","ast-main-header-display":"","ast-hfb-above-header-display":"","ast-hfb-below-header-display":"","ast-hfb-mobile-header-display":"","site-post-title":"disabled","ast-breadcrumbs-content":"","ast-featured-img":"disabled","footer-sml-layout":"","ast-disable-related-posts":"","theme-transparent-header-meta":"","adv-header-id-meta":"","stick-header-meta":"","header-above-stick-meta":"","header-main-stick-meta":"","header-below-stick-meta":"","astra-migrate-meta-layouts":"set","ast-page-background-enabled":"default","ast-page-background-meta":{"desktop":{"background-color":"var(--ast-global-color-4)","background-image":"","background-repeat":"repeat","background-position":"center center","background-size":"auto","background-attachment":"scroll","background-type":"","background-media":"","overlay-type":"","overlay-color":"","overlay-opacity":"","overlay-gradient":""},"tablet":{"background-color":"","background-image":"","background-repeat":"repeat","background-position":"center center","background-size":"auto","background-attachment":"scroll","background-type":"","background-media":"","overlay-type":"","overlay-color":"","overlay-opacity":"","overlay-gradient":""},"mobile":{"background-color":"","background-image":"","background-repeat":"repeat","background-position":"center center","background-size":"auto","background-attachment":"scroll","background-type":"","background-media":"","overlay-type":"","overlay-color":"","overlay-opacity":"","overlay-gradient":""}},"ast-content-background-meta":{"desktop":{"background-color":"var(--ast-global-color-5)","background-image":"","background-repeat":"repeat","background-position":"center center","background-size":"auto","background-attachment":"scroll","background-type":"","background-media":"","overlay-type":"","overlay-color":"","overlay-opacity":"","overlay-gradient":""},"tablet":{"background-color":"var(--ast-global-color-5)","background-image":"","background-repeat":"repeat","background-position":"center center","background-size":"auto","background-attachment":"scroll","background-type":"","background-media":"","overlay-type":"","overlay-color":"","overlay-opacity":"","overlay-gradient":""},"mobile":{"background-color":"var(--ast-global-color-5)","background-image":"","background-repeat":"repeat","background-position":"center center","background-size":"auto","background-attachment":"scroll","background-type":"","background-media":"","overlay-type":"","overlay-color":"","overlay-opacity":"","overlay-gradient":""}},"footnotes":""},"class_list":["post-2415","page","type-page","status-publish","has-post-thumbnail","hentry"],"yoast_head":"<!-- This site is optimized with the Yoast SEO plugin v27.4 - https:\/\/yoast.com\/product\/yoast-seo-wordpress\/ -->\n<title>Polityka Prywatno\u015bci<\/title>\n<meta name=\"description\" content=\"Polityka Prywatno\u015bci strony internetowej zaostatnimswiatem.pl. Informacje o przetwarzaniu danych osobowych i plikach cookies.\" \/>\n<meta name=\"robots\" content=\"index, follow, max-snippet:-1, max-image-preview:large, max-video-preview:-1\" \/>\n<link rel=\"canonical\" href=\"https:\/\/zaostatnimswiatem.pl\/en\/polityka-prywatnosci\/\" \/>\n<meta property=\"og:locale\" content=\"en_US\" \/>\n<meta property=\"og:type\" content=\"article\" \/>\n<meta property=\"og:title\" content=\"Polityka Prywatno\u015bci\" \/>\n<meta property=\"og:description\" content=\"Polityka Prywatno\u015bci strony internetowej zaostatnimswiatem.pl. Informacje o przetwarzaniu danych osobowych i plikach cookies.\" \/>\n<meta property=\"og:url\" content=\"https:\/\/zaostatnimswiatem.pl\/en\/polityka-prywatnosci\/\" \/>\n<meta property=\"og:site_name\" content=\"Za Ostatnim \u015awiatem\" \/>\n<meta property=\"article:modified_time\" content=\"2026-04-14T13:01:04+00:00\" \/>\n<meta property=\"og:image\" content=\"https:\/\/zaostatnimswiatem.pl\/wp-content\/uploads\/2026\/02\/cropped-Czysta_Nowoczesna_Sztuka_Rzemioslo_Etsy_Sklep_Ikona__3_-removebg-preview.png\" \/>\n\t<meta property=\"og:image:width\" content=\"500\" \/>\n\t<meta property=\"og:image:height\" content=\"435\" \/>\n\t<meta property=\"og:image:type\" content=\"image\/png\" \/>\n<meta name=\"twitter:card\" content=\"summary_large_image\" \/>\n<meta name=\"twitter:label1\" content=\"Est. reading time\" \/>\n\t<meta name=\"twitter:data1\" content=\"1 minute\" \/>\n<script type=\"application\/ld+json\" class=\"yoast-schema-graph\">{\"@context\":\"https:\\\/\\\/schema.org\",\"@graph\":[{\"@type\":\"WebPage\",\"@id\":\"https:\\\/\\\/zaostatnimswiatem.pl\\\/polityka-prywatnosci\\\/\",\"url\":\"https:\\\/\\\/zaostatnimswiatem.pl\\\/polityka-prywatnosci\\\/\",\"name\":\"Polityka Prywatno\u015bci\",\"isPartOf\":{\"@id\":\"https:\\\/\\\/zaostatnimswiatem.pl\\\/#website\"},\"primaryImageOfPage\":{\"@id\":\"https:\\\/\\\/zaostatnimswiatem.pl\\\/polityka-prywatnosci\\\/#primaryimage\"},\"image\":{\"@id\":\"https:\\\/\\\/zaostatnimswiatem.pl\\\/polityka-prywatnosci\\\/#primaryimage\"},\"thumbnailUrl\":\"https:\\\/\\\/zaostatnimswiatem.pl\\\/wp-content\\\/uploads\\\/2026\\\/02\\\/cropped-Czysta_Nowoczesna_Sztuka_Rzemioslo_Etsy_Sklep_Ikona__3_-removebg-preview.png\",\"datePublished\":\"2026-02-18T13:06:53+00:00\",\"dateModified\":\"2026-04-14T13:01:04+00:00\",\"description\":\"Polityka Prywatno\u015bci strony internetowej zaostatnimswiatem.pl. Informacje o przetwarzaniu danych osobowych i plikach cookies.\",\"breadcrumb\":{\"@id\":\"https:\\\/\\\/zaostatnimswiatem.pl\\\/polityka-prywatnosci\\\/#breadcrumb\"},\"inLanguage\":\"en-US\",\"potentialAction\":[{\"@type\":\"ReadAction\",\"target\":[\"https:\\\/\\\/zaostatnimswiatem.pl\\\/polityka-prywatnosci\\\/\"]}]},{\"@type\":\"ImageObject\",\"inLanguage\":\"en-US\",\"@id\":\"https:\\\/\\\/zaostatnimswiatem.pl\\\/polityka-prywatnosci\\\/#primaryimage\",\"url\":\"https:\\\/\\\/zaostatnimswiatem.pl\\\/wp-content\\\/uploads\\\/2026\\\/02\\\/cropped-Czysta_Nowoczesna_Sztuka_Rzemioslo_Etsy_Sklep_Ikona__3_-removebg-preview.png\",\"contentUrl\":\"https:\\\/\\\/zaostatnimswiatem.pl\\\/wp-content\\\/uploads\\\/2026\\\/02\\\/cropped-Czysta_Nowoczesna_Sztuka_Rzemioslo_Etsy_Sklep_Ikona__3_-removebg-preview.png\",\"width\":500,\"height\":435,\"caption\":\"Logo serii \\\"Za ostatnim \u015bwiatem\\\"\"},{\"@type\":\"BreadcrumbList\",\"@id\":\"https:\\\/\\\/zaostatnimswiatem.pl\\\/polityka-prywatnosci\\\/#breadcrumb\",\"itemListElement\":[{\"@type\":\"ListItem\",\"position\":1,\"name\":\"Strona g\u0142\u00f3wna\",\"item\":\"https:\\\/\\\/zaostatnimswiatem.pl\\\/\"},{\"@type\":\"ListItem\",\"position\":2,\"name\":\"Polityka Prywatno\u015bci\"}]},{\"@type\":\"WebSite\",\"@id\":\"https:\\\/\\\/zaostatnimswiatem.pl\\\/#website\",\"url\":\"https:\\\/\\\/zaostatnimswiatem.pl\\\/\",\"name\":\"Za ostatnim \u015bwiatem\",\"description\":\"Just another Astra Starter Templates site\",\"publisher\":{\"@id\":\"https:\\\/\\\/zaostatnimswiatem.pl\\\/#\\\/schema\\\/person\\\/0227fc3e18634f03b4c2b4649e1e7f93\"},\"potentialAction\":[{\"@type\":\"SearchAction\",\"target\":{\"@type\":\"EntryPoint\",\"urlTemplate\":\"https:\\\/\\\/zaostatnimswiatem.pl\\\/?s={search_term_string}\"},\"query-input\":{\"@type\":\"PropertyValueSpecification\",\"valueRequired\":true,\"valueName\":\"search_term_string\"}}],\"inLanguage\":\"en-US\"},{\"@type\":[\"Person\",\"Organization\"],\"@id\":\"https:\\\/\\\/zaostatnimswiatem.pl\\\/#\\\/schema\\\/person\\\/0227fc3e18634f03b4c2b4649e1e7f93\",\"name\":\"irasa\",\"image\":{\"@type\":\"ImageObject\",\"inLanguage\":\"en-US\",\"@id\":\"https:\\\/\\\/secure.gravatar.com\\\/avatar\\\/a4bf583c09e900ef6594b59aedcf718456ed96f7043348fe2eec8a0ea13c6632?s=96&d=mm&r=g\",\"url\":\"https:\\\/\\\/secure.gravatar.com\\\/avatar\\\/a4bf583c09e900ef6594b59aedcf718456ed96f7043348fe2eec8a0ea13c6632?s=96&d=mm&r=g\",\"contentUrl\":\"https:\\\/\\\/secure.gravatar.com\\\/avatar\\\/a4bf583c09e900ef6594b59aedcf718456ed96f7043348fe2eec8a0ea13c6632?s=96&d=mm&r=g\",\"caption\":\"irasa\"},\"logo\":{\"@id\":\"https:\\\/\\\/secure.gravatar.com\\\/avatar\\\/a4bf583c09e900ef6594b59aedcf718456ed96f7043348fe2eec8a0ea13c6632?s=96&d=mm&r=g\"},\"sameAs\":[\"https:\\\/\\\/zaostatnimswiatem.pl\",\"https:\\\/\\\/www.instagram.com\\\/za_ostatnim_swiatem\"]}]}<\/script>\n<!-- \/ Yoast SEO plugin. -->","yoast_head_json":{"title":"Privacy Policy","description":"Polityka Prywatno\u015bci strony internetowej zaostatnimswiatem.pl. Informacje o przetwarzaniu danych osobowych i plikach cookies.","robots":{"index":"index","follow":"follow","max-snippet":"max-snippet:-1","max-image-preview":"max-image-preview:large","max-video-preview":"max-video-preview:-1"},"canonical":"https:\/\/zaostatnimswiatem.pl\/en\/polityka-prywatnosci\/","og_locale":"en_US","og_type":"article","og_title":"Polityka Prywatno\u015bci","og_description":"Polityka Prywatno\u015bci strony internetowej zaostatnimswiatem.pl. Informacje o przetwarzaniu danych osobowych i plikach cookies.","og_url":"https:\/\/zaostatnimswiatem.pl\/en\/polityka-prywatnosci\/","og_site_name":"Za Ostatnim \u015awiatem","article_modified_time":"2026-04-14T13:01:04+00:00","og_image":[{"width":500,"height":435,"url":"https:\/\/zaostatnimswiatem.pl\/wp-content\/uploads\/2026\/02\/cropped-Czysta_Nowoczesna_Sztuka_Rzemioslo_Etsy_Sklep_Ikona__3_-removebg-preview.png","type":"image\/png"}],"twitter_card":"summary_large_image","twitter_misc":{"Est. reading time":"1 minute"},"schema":{"@context":"https:\/\/schema.org","@graph":[{"@type":"WebPage","@id":"https:\/\/zaostatnimswiatem.pl\/polityka-prywatnosci\/","url":"https:\/\/zaostatnimswiatem.pl\/polityka-prywatnosci\/","name":"Privacy Policy","isPartOf":{"@id":"https:\/\/zaostatnimswiatem.pl\/#website"},"primaryImageOfPage":{"@id":"https:\/\/zaostatnimswiatem.pl\/polityka-prywatnosci\/#primaryimage"},"image":{"@id":"https:\/\/zaostatnimswiatem.pl\/polityka-prywatnosci\/#primaryimage"},"thumbnailUrl":"https:\/\/zaostatnimswiatem.pl\/wp-content\/uploads\/2026\/02\/cropped-Czysta_Nowoczesna_Sztuka_Rzemioslo_Etsy_Sklep_Ikona__3_-removebg-preview.png","datePublished":"2026-02-18T13:06:53+00:00","dateModified":"2026-04-14T13:01:04+00:00","description":"Polityka Prywatno\u015bci strony internetowej zaostatnimswiatem.pl. Informacje o przetwarzaniu danych osobowych i plikach cookies.","breadcrumb":{"@id":"https:\/\/zaostatnimswiatem.pl\/polityka-prywatnosci\/#breadcrumb"},"inLanguage":"en-US","potentialAction":[{"@type":"ReadAction","target":["https:\/\/zaostatnimswiatem.pl\/polityka-prywatnosci\/"]}]},{"@type":"ImageObject","inLanguage":"en-US","@id":"https:\/\/zaostatnimswiatem.pl\/polityka-prywatnosci\/#primaryimage","url":"https:\/\/zaostatnimswiatem.pl\/wp-content\/uploads\/2026\/02\/cropped-Czysta_Nowoczesna_Sztuka_Rzemioslo_Etsy_Sklep_Ikona__3_-removebg-preview.png","contentUrl":"https:\/\/zaostatnimswiatem.pl\/wp-content\/uploads\/2026\/02\/cropped-Czysta_Nowoczesna_Sztuka_Rzemioslo_Etsy_Sklep_Ikona__3_-removebg-preview.png","width":500,"height":435,"caption":"Logo serii \"Za ostatnim \u015bwiatem\""},{"@type":"BreadcrumbList","@id":"https:\/\/zaostatnimswiatem.pl\/polityka-prywatnosci\/#breadcrumb","itemListElement":[{"@type":"ListItem","position":1,"name":"Strona g\u0142\u00f3wna","item":"https:\/\/zaostatnimswiatem.pl\/"},{"@type":"ListItem","position":2,"name":"Polityka Prywatno\u015bci"}]},{"@type":"WebSite","@id":"https:\/\/zaostatnimswiatem.pl\/#website","url":"https:\/\/zaostatnimswiatem.pl\/","name":"beyond the last&nbsp;world","description":"Just another Astra Starter Templates site","publisher":{"@id":"https:\/\/zaostatnimswiatem.pl\/#\/schema\/person\/0227fc3e18634f03b4c2b4649e1e7f93"},"potentialAction":[{"@type":"SearchAction","target":{"@type":"EntryPoint","urlTemplate":"https:\/\/zaostatnimswiatem.pl\/?s={search_term_string}"},"query-input":{"@type":"PropertyValueSpecification","valueRequired":true,"valueName":"search_term_string"}}],"inLanguage":"en-US"},{"@type":["Person","Organization"],"@id":"https:\/\/zaostatnimswiatem.pl\/#\/schema\/person\/0227fc3e18634f03b4c2b4649e1e7f93","name":"irasa","image":{"@type":"ImageObject","inLanguage":"en-US","@id":"https:\/\/secure.gravatar.com\/avatar\/a4bf583c09e900ef6594b59aedcf718456ed96f7043348fe2eec8a0ea13c6632?s=96&d=mm&r=g","url":"https:\/\/secure.gravatar.com\/avatar\/a4bf583c09e900ef6594b59aedcf718456ed96f7043348fe2eec8a0ea13c6632?s=96&d=mm&r=g","contentUrl":"https:\/\/secure.gravatar.com\/avatar\/a4bf583c09e900ef6594b59aedcf718456ed96f7043348fe2eec8a0ea13c6632?s=96&d=mm&r=g","caption":"irasa"},"logo":{"@id":"https:\/\/secure.gravatar.com\/avatar\/a4bf583c09e900ef6594b59aedcf718456ed96f7043348fe2eec8a0ea13c6632?s=96&d=mm&r=g"},"sameAs":["https:\/\/zaostatnimswiatem.pl","https:\/\/www.instagram.com\/za_ostatnim_swiatem"]}]}},"_links":{"self":[{"href":"https:\/\/zaostatnimswiatem.pl\/en\/wp-json\/wp\/v2\/pages\/2415","targetHints":{"allow":["GET"]}}],"collection":[{"href":"https:\/\/zaostatnimswiatem.pl\/en\/wp-json\/wp\/v2\/pages"}],"about":[{"href":"https:\/\/zaostatnimswiatem.pl\/en\/wp-json\/wp\/v2\/types\/page"}],"author":[{"embeddable":true,"href":"https:\/\/zaostatnimswiatem.pl\/en\/wp-json\/wp\/v2\/users\/1"}],"replies":[{"embeddable":true,"href":"https:\/\/zaostatnimswiatem.pl\/en\/wp-json\/wp\/v2\/comments?post=2415"}],"version-history":[{"count":218,"href":"https:\/\/zaostatnimswiatem.pl\/en\/wp-json\/wp\/v2\/pages\/2415\/revisions"}],"predecessor-version":[{"id":8456,"href":"https:\/\/zaostatnimswiatem.pl\/en\/wp-json\/wp\/v2\/pages\/2415\/revisions\/8456"}],"wp:featuredmedia":[{"embeddable":true,"href":"https:\/\/zaostatnimswiatem.pl\/en\/wp-json\/wp\/v2\/media\/2152"}],"wp:attachment":[{"href":"https:\/\/zaostatnimswiatem.pl\/en\/wp-json\/wp\/v2\/media?parent=2415"}],"curies":[{"name":"wp","href":"https:\/\/api.w.org\/{rel}","templated":true}]}}